{"id":634,"date":"2026-01-13T20:33:09","date_gmt":"2026-01-13T20:33:09","guid":{"rendered":"https:\/\/worldcupveysonnaz.com\/?page_id=634"},"modified":"2026-01-13T20:33:11","modified_gmt":"2026-01-13T20:33:11","slug":"informations-pratiques-2026","status":"publish","type":"page","link":"https:\/\/worldcupveysonnaz.com\/en\/informations-pratiques-2026\/","title":{"rendered":"Informations pratiques"},"content":{"rendered":"\n<p>Pr\u00e9parez votre visite et profitez pleinement de la FIS Coupe du Monde de Ski Cross \u00e0 Veysonnaz. Que vous veniez pour quelques heures ou pour tout le week-end, retrouvez ici toutes les informations utiles pour organiser votre d\u00e9placement et votre s\u00e9jour.<\/p>\n\n\n\n<h2 class=\"wp-block-heading\">Acc\u00e8s<\/h2>\n\n\n\n<h3 class=\"wp-block-heading\">Bus navettes gratuits &#8211; samedi 24 janvier 2026 uniquement<\/h3>\n\n\n\n<p>Des bus navettes circulent gratuitement au d\u00e9part de la gare de Sion uniquement le samedi. Arriv\u00e9e \u00e0 Veysonnaz Station \u00e0 proximit\u00e9 des t\u00e9l\u00e9cabines. Retour confortable en bus depuis Veysonnaz, Place de la t\u00e9l\u00e9cabine (en face de l&#8217;Office de Tourisme) jusqu&#8217;\u00e0 la gare de Sion.<\/p>\n\n\n\n<figure class=\"wp-block-table\"><table class=\"has-fixed-layout\"><thead><tr><th>Trajet<\/th><th class=\"has-text-align-center\" data-align=\"center\">Heure d\u00e9part<\/th><th class=\"has-text-align-center\" data-align=\"center\">Heure arriv\u00e9e<\/th><\/tr><\/thead><tbody><tr><td>Gare de Sion -> Veysonnaz Station<\/td><td class=\"has-text-align-center\" data-align=\"center\">10:30<\/td><td class=\"has-text-align-center\" data-align=\"center\">11:00<\/td><\/tr><tr><td>Gare de Sion -> Veysonnaz Station<\/td><td class=\"has-text-align-center\" data-align=\"center\">11:00<\/td><td class=\"has-text-align-center\" data-align=\"center\">11:30<\/td><\/tr><tr><td>Veysonnaz Station -> Gare de Sion<\/td><td class=\"has-text-align-center\" data-align=\"center\">18:30<\/td><td class=\"has-text-align-center\" data-align=\"center\">19:00<\/td><\/tr><tr><td>Veysonnaz Station -> Gare de Sion<\/td><td class=\"has-text-align-center\" data-align=\"center\">20:30<\/td><td class=\"has-text-align-center\" data-align=\"center\">21:00<\/td><\/tr><\/tbody><\/table><\/figure>\n\n\n\n<h3 class=\"wp-block-heading\">En voiture \/ Parkings<\/h3>\n\n\n\n<p>L&#8217;acc\u00e8s est possible en voiture. Sortie autoroute Sion-Est direction Veysonnaz par la Route de Nendaz. Les parkings de Veysonnaz sont \u00e0 votre disposition. Le stationnement est payant.<\/p>\n\n\n\n<p>En raison de l&#8217;affluence attendue, les bus navettes sont fortement conseill\u00e9s le samedi<\/p>\n\n\n\n<h3 class=\"wp-block-heading\">En transport public<\/h3>\n\n\n\n<p>Consultez les horaires sur <a href=\"https:\/\/www.sbb.ch\/fr?stops=[{%22value%22:%228501994%22,%22label%22:%22Sion,+poste\/gare%22,%22type%22:%22ID%22},{%22label%22:%22Veysonnaz+(t%C3%A9l%C3%A9cabine)%22,%22type%22:%22ID%22,%22value%22:%228530119%22}]&amp;date=%222026-01-23%22&amp;time=%2210:00%22&amp;moment=%22ARRIVAL%22\" target=\"_blank\" rel=\"noreferrer noopener\">www.cff.ch<\/a>.<\/p>\n\n\n\n<h2 class=\"wp-block-heading\">H\u00e9bergement<\/h2>\n\n\n\n<p>Les h\u00f4tels de Veysonnaz sont complets. Les personnes souhaitant r\u00e9server un h\u00e9bergement peuvent se tourner vers nos partenaires :<\/p>\n\n\n\n<ul class=\"wp-block-list\">\n<li><a href=\"https:\/\/www.alpvisionresidences.com\/rentals\/rentals-veysonnaz-d89795\/\" target=\"_blank\" rel=\"noreferrer noopener\">Alpvision R\u00e9sidences Veysonnaz<\/a><\/li>\n\n\n\n<li><a href=\"https:\/\/www.marriott.com\/fr\/search\/findHotels.mi?searchType=NearAddress&amp;destinationAddress.location=Moxy+Sion&amp;deviceType=desktop-web&amp;view=list#\/0\/\" target=\"_blank\" rel=\"noreferrer noopener\">Moxy Hotel Sion<\/a><\/li>\n<\/ul>\n\n\n\n<h2 class=\"wp-block-heading\">Acc\u00e8s au parcours<\/h2>\n\n\n\n<p>L&#8217;acc\u00e8s aux zones spectateurs et le long du parcours est gratuit. Situ\u00e9 sur le domaine skiable de Nendaz-Veysonnaz, il est imp\u00e9ratif d&#8217;\u00eatre muni d&#8217;un forfait de remont\u00e9e m\u00e9canique pour y acc\u00e9der.<\/p>\n\n\n\n<p>Les <a href=\"https:\/\/infomaniak.events\/fr-ch\/shop\/world-cup-veysonnaz-2J2U4ZQHSH\/events\/1577168\/\" data-type=\"link\" data-id=\"https:\/\/infomaniak.events\/fr-ch\/shop\/world-cup-veysonnaz-2J2U4ZQHSH\/events\/1577168\/\" target=\"_blank\" rel=\"noreferrer noopener\">billetterie officielle<\/a> vous permet de pr\u00e9commander vos forfaits skieurs ou pi\u00e9tons.<\/p>\n\n\n\n<h2 class=\"wp-block-heading\">Restauration<\/h2>\n\n\n\n<p>Bar et restauration \u00e0 disposition \u00e0 la zone spectateur du Tipi uniquement.<\/p>\n\n\n\n<h2 class=\"wp-block-heading\">Zones spectateurs<\/h2>\n\n\n\n<p>Deux zones spectateurs sont pr\u00e9vues :<\/p>\n\n\n\n<ul class=\"wp-block-list\">\n<li>Au Tipi de Veysonnaz<\/li>\n\n\n\n<li>A l&#8217;arriv\u00e9e du parcours<\/li>\n<\/ul>\n\n\n\n<p>Chaque zone spectateurs est \u00e9quip\u00e9e d&#8217;un \u00e9cran g\u00e9ant et de la sonorisation pour suivre la comp\u00e9tition. Les zones spectateurs sont accessibles librement soit \u00e0 ski, soit \u00e0 pied.<\/p>\n\n\n\n<h2 class=\"wp-block-heading\">Personnes \u00e0 mobilit\u00e9 r\u00e9duite<\/h2>\n\n\n\n<p>L&#8217;acc\u00e8s pour les personnes \u00e0 mobilit\u00e9 r\u00e9duite est possible. Toutefois, les zones spectateurs \u00e9tant situ\u00e9es sur le domaine skiable, l&#8217;acc\u00e8s peut \u00eatre difficile. Les t\u00e9l\u00e9cabines de la Piste de l&#8217;Ours et de Veysonnaz arrivent \u00e0 proximit\u00e9 du tipi. Pour tout renseignement, n&#8217;h\u00e9sitez pas \u00e0 <a href=\"mailto:info@worldcupveysonnaz.com\" target=\"_blank\" rel=\"noreferrer noopener\">nous contacter<\/a>. L&#8217;organisation ne propose pas de service d&#8217;assistance sur place.<\/p>\n\n\n\n<p><\/p>\n","protected":false},"excerpt":{"rendered":"<p>Pr\u00e9parez votre visite et profitez pleinement de la FIS Coupe du Monde de Ski Cross \u00e0 Veysonnaz. Que vous veniez pour quelques heures ou pour tout le week-end, retrouvez ici toutes les informations utiles pour organiser votre d\u00e9placement et votre s\u00e9jour. Acc\u00e8s Bus navettes gratuits &#8211; samedi 24 janvier 2026 uniquement Des bus navettes circulent [&hellip;]<\/p>\n","protected":false},"author":2,"featured_media":496,"parent":0,"menu_order":0,"comment_status":"closed","ping_status":"closed","template":"","meta":{"footnotes":""},"class_list":["post-634","page","type-page","status-publish","has-post-thumbnail","hentry"],"_links":{"self":[{"href":"https:\/\/worldcupveysonnaz.com\/en\/wp-json\/wp\/v2\/pages\/634","targetHints":{"allow":["GET"]}}],"collection":[{"href":"https:\/\/worldcupveysonnaz.com\/en\/wp-json\/wp\/v2\/pages"}],"about":[{"href":"https:\/\/worldcupveysonnaz.com\/en\/wp-json\/wp\/v2\/types\/page"}],"author":[{"embeddable":true,"href":"https:\/\/worldcupveysonnaz.com\/en\/wp-json\/wp\/v2\/users\/2"}],"replies":[{"embeddable":true,"href":"https:\/\/worldcupveysonnaz.com\/en\/wp-json\/wp\/v2\/comments?post=634"}],"version-history":[{"count":4,"href":"https:\/\/worldcupveysonnaz.com\/en\/wp-json\/wp\/v2\/pages\/634\/revisions"}],"predecessor-version":[{"id":638,"href":"https:\/\/worldcupveysonnaz.com\/en\/wp-json\/wp\/v2\/pages\/634\/revisions\/638"}],"wp:featuredmedia":[{"embeddable":true,"href":"https:\/\/worldcupveysonnaz.com\/en\/wp-json\/wp\/v2\/media\/496"}],"wp:attachment":[{"href":"https:\/\/worldcupveysonnaz.com\/en\/wp-json\/wp\/v2\/media?parent=634"}],"curies":[{"name":"wp","href":"https:\/\/api.w.org\/{rel}","templated":true}]}}