{"id":580,"date":"2025-10-28T12:35:04","date_gmt":"2025-10-28T12:35:04","guid":{"rendered":"https:\/\/worldcupveysonnaz.com\/?page_id=580"},"modified":"2026-01-13T20:35:03","modified_gmt":"2026-01-13T20:35:03","slug":"accreditations-medias-2026","status":"publish","type":"page","link":"https:\/\/worldcupveysonnaz.com\/en\/accreditations-medias-2026\/","title":{"rendered":"Accr\u00e9ditations m\u00e9dias"},"content":{"rendered":"\n<p>Les repr\u00e9sentants des m\u00e9dias souhaitant couvrir les \u00e9preuves de la FIS Coupe du Monde de Ski Cross 2026 de Veysonnaz sont pri\u00e9es de s&#8217;enregistrer au moyen du formulaire ci-dessous.<\/p>\n\n\n\n<p>Les demandes d&#8217;accr\u00e9ditation sont \u00e0 pr\u00e9sent ouvertes. Une confirmation d&#8217;accr\u00e9ditation vous sera transmise apr\u00e8s examen de celle-ci. Lors de votre enregistrement, vous recevrez des informations compl\u00e9mentaires ainsi qu&#8217;une offre d&#8217;h\u00e9bergement par un h\u00f4tel partenaire.<\/p>\n\n\n\n<div class=\"wp-block-contact-form-7-contact-form-selector\">\n<div class=\"wpcf7 no-js\" id=\"wpcf7-f583-o1\" lang=\"fr-FR\" dir=\"ltr\" data-wpcf7-id=\"583\">\n<div class=\"screen-reader-response\"><p role=\"status\" aria-live=\"polite\" aria-atomic=\"true\"><\/p> <ul><\/ul><\/div>\n<form action=\"\/en\/wp-json\/wp\/v2\/pages\/580#wpcf7-f583-o1\" method=\"post\" class=\"wpcf7-form init\" aria-label=\"Formulaire de contact\" novalidate=\"novalidate\" data-status=\"init\">\n<fieldset class=\"hidden-fields-container\"><input type=\"hidden\" name=\"_wpcf7\" value=\"583\" \/><input type=\"hidden\" name=\"_wpcf7_version\" value=\"6.1.5\" \/><input type=\"hidden\" name=\"_wpcf7_locale\" value=\"fr_FR\" \/><input type=\"hidden\" name=\"_wpcf7_unit_tag\" value=\"wpcf7-f583-o1\" \/><input type=\"hidden\" name=\"_wpcf7_container_post\" value=\"0\" \/><input type=\"hidden\" name=\"_wpcf7_posted_data_hash\" value=\"\" \/>\n<\/fieldset>\n<div class=\"form-shell\">\n\t<fieldset class=\"form-fieldset\" aria-labelledby=\"media-data-legend\">\n\t\t<legend id=\"media-data-legend\">Donn\u00e9es du m\u00e9dia\n\t\t<\/legend>\n\t\t<div class=\"grid grid-cols-1 md:grid-cols-2 gap-6\">\n\t\t\t<div class=\"form-field\">\n\t\t\t\t<p><label class=\"form-label\" for=\"form-media-name\">Nom du m\u00e9dia <span class=\"text-red-600\">*<\/span><\/label><br \/>\n<span class=\"wpcf7-form-control-wrap\" data-name=\"media-name\"><input size=\"40\" maxlength=\"400\" class=\"wpcf7-form-control wpcf7-text wpcf7-validates-as-required form-control\" id=\"form-media-name\" autocomplete=\"organization\" aria-required=\"true\" aria-invalid=\"false\" placeholder=\"Ex. RTS, 20 Minutes\u2026\" value=\"\" type=\"text\" name=\"media-name\" \/><\/span>\n\t\t\t\t<\/p>\n\t\t\t<\/div>\n\t\t\t<div class=\"form-field\">\n\t\t\t\t<p><label class=\"form-label\" for=\"form-media-type\">Type de m\u00e9dia <span class=\"text-red-600\">*<\/span><\/label><br \/>\n<span class=\"wpcf7-form-control-wrap\" data-name=\"media-type\"><select class=\"wpcf7-form-control wpcf7-select wpcf7-validates-as-required form-control form-control--select\" id=\"form-media-type\" aria-required=\"true\" aria-invalid=\"false\" name=\"media-type\"><option value=\"\">&#8212;Veuillez choisir une option&#8212;<\/option><option value=\"Presse \u00e9crite\">Presse \u00e9crite<\/option><option value=\"M\u00e9dia en ligne\">M\u00e9dia en ligne<\/option><option value=\"T\u00e9l\u00e9vision\">T\u00e9l\u00e9vision<\/option><option value=\"Radio\">Radio<\/option><option value=\"Freelance\">Freelance<\/option><option value=\"Photographe\">Photographe<\/option><option value=\"Agence de presse\">Agence de presse<\/option><option value=\"Agence photo\">Agence photo<\/option><\/select><\/span>\n\t\t\t\t<\/p>\n\t\t\t<\/div>\n\t\t\t<div class=\"form-field\">\n\t\t\t\t<p><label class=\"form-label\" for=\"form-media-function\">Fonction <span class=\"text-red-600\">*<\/span><\/label><br \/>\n<span class=\"wpcf7-form-control-wrap\" data-name=\"media-function\"><select class=\"wpcf7-form-control wpcf7-select wpcf7-validates-as-required form-control form-control--select\" id=\"form-media-function\" aria-required=\"true\" aria-invalid=\"false\" name=\"media-function\"><option value=\"\">&#8212;Veuillez choisir une option&#8212;<\/option><option value=\"Journaliste\">Journaliste<\/option><option value=\"Photographe\">Photographe<\/option><option value=\"Journaliste reporter image (JRI)\">Journaliste reporter image (JRI)<\/option><option value=\"Autre fonction\">Autre fonction<\/option><\/select><\/span>\n\t\t\t\t<\/p>\n\t\t\t<\/div>\n\t\t\t<div class=\"form-field\">\n\t\t\t\t<p><label class=\"form-label\" for=\"form-media-address\">Adresse du m\u00e9dia <span class=\"text-red-600\">*<\/span><\/label><br \/>\n<span class=\"wpcf7-form-control-wrap\" data-name=\"media-address\"><input size=\"40\" maxlength=\"400\" class=\"wpcf7-form-control wpcf7-text wpcf7-validates-as-required form-control\" id=\"form-media-address\" autocomplete=\"street-address\" aria-required=\"true\" aria-invalid=\"false\" placeholder=\"Rue et num\u00e9ro\" value=\"\" type=\"text\" name=\"media-address\" \/><\/span>\n\t\t\t\t<\/p>\n\t\t\t<\/div>\n\t\t\t<div class=\"form-field\">\n\t\t\t\t<p><label class=\"form-label\" for=\"form-media-zip-city\">Localit\u00e9 du m\u00e9dia (NPA et Ville) <span class=\"text-red-600\">*<\/span><\/label><br \/>\n<span class=\"wpcf7-form-control-wrap\" data-name=\"media-zip-city\"><input size=\"40\" maxlength=\"400\" class=\"wpcf7-form-control wpcf7-text wpcf7-validates-as-required form-control\" id=\"form-media-zip-city\" aria-required=\"true\" aria-invalid=\"false\" placeholder=\"1950 Sion\" value=\"\" type=\"text\" name=\"media-zip-city\" \/><\/span>\n\t\t\t\t<\/p>\n\t\t\t<\/div>\n\t\t\t<div class=\"form-field\">\n\t\t\t\t<p><label class=\"form-label\" for=\"form-media-country\">Pays <span class=\"text-red-600\">*<\/span><\/label><br \/>\n<span class=\"wpcf7-form-control-wrap\" data-name=\"media-country\"><input size=\"40\" maxlength=\"400\" class=\"wpcf7-form-control wpcf7-text wpcf7-validates-as-required form-control\" id=\"form-media-country\" autocomplete=\"country\" aria-required=\"true\" aria-invalid=\"false\" placeholder=\"Suisse\" value=\"\" type=\"text\" name=\"media-country\" \/><\/span>\n\t\t\t\t<\/p>\n\t\t\t<\/div>\n\t\t\t<div class=\"form-field\">\n\t\t\t\t<p><label class=\"form-label\" for=\"form-media-phone\">Num\u00e9ro de t\u00e9l\u00e9phone <span class=\"text-red-600\">*<\/span><\/label><br \/>\n<span class=\"wpcf7-form-control-wrap\" data-name=\"media-phone\"><input size=\"40\" maxlength=\"400\" class=\"wpcf7-form-control wpcf7-tel wpcf7-validates-as-required wpcf7-text wpcf7-validates-as-tel form-control\" id=\"form-media-phone\" autocomplete=\"tel\" aria-required=\"true\" aria-invalid=\"false\" placeholder=\"+41 79 555 12 34\" value=\"\" type=\"tel\" name=\"media-phone\" \/><\/span>\n\t\t\t\t<\/p>\n\t\t\t<\/div>\n\t\t\t<div class=\"form-field\">\n\t\t\t\t<p><label class=\"form-label\" for=\"form-media-website\">Site web<\/label><br \/>\n<span class=\"wpcf7-form-control-wrap\" data-name=\"media-website\"><input size=\"40\" maxlength=\"400\" class=\"wpcf7-form-control wpcf7-url wpcf7-text wpcf7-validates-as-url form-control\" id=\"form-media-website\" autocomplete=\"url\" aria-invalid=\"false\" placeholder=\"https:\/\/exemple.ch\" value=\"\" type=\"url\" name=\"media-website\" \/><\/span>\n\t\t\t\t<\/p>\n\t\t\t<\/div>\n\t\t<\/div>\n\t<\/fieldset>\n\t<fieldset class=\"form-fieldset\" aria-labelledby=\"personal-data-legend\">\n\t\t<legend id=\"personal-data-legend\">Donn\u00e9es personnelles\n\t\t<\/legend>\n\t\t<div class=\"grid grid-cols-1 md:grid-cols-2 gap-6\">\n\t\t\t<div class=\"form-field\">\n\t\t\t\t<p><label class=\"form-label\" for=\"form-person-lastname\">Nom <span class=\"text-red-600\">*<\/span><\/label><br \/>\n<span class=\"wpcf7-form-control-wrap\" data-name=\"person-lastname\"><input size=\"40\" maxlength=\"400\" class=\"wpcf7-form-control wpcf7-text wpcf7-validates-as-required form-control\" id=\"form-person-lastname\" autocomplete=\"family-name\" aria-required=\"true\" aria-invalid=\"false\" placeholder=\"Dupont\" value=\"\" type=\"text\" name=\"person-lastname\" \/><\/span>\n\t\t\t\t<\/p>\n\t\t\t<\/div>\n\t\t\t<div class=\"form-field\">\n\t\t\t\t<p><label class=\"form-label\" for=\"form-person-firstname\">Pr\u00e9nom <span class=\"text-red-600\">*<\/span><\/label><br \/>\n<span class=\"wpcf7-form-control-wrap\" data-name=\"person-firstname\"><input size=\"40\" maxlength=\"400\" class=\"wpcf7-form-control wpcf7-text wpcf7-validates-as-required form-control\" id=\"form-person-firstname\" autocomplete=\"given-name\" aria-required=\"true\" aria-invalid=\"false\" placeholder=\"Marie\" value=\"\" type=\"text\" name=\"person-firstname\" \/><\/span>\n\t\t\t\t<\/p>\n\t\t\t<\/div>\n\t\t\t<div class=\"form-field\">\n\t\t\t\t<p><label class=\"form-label\" for=\"form-person-phone\">Num\u00e9ro de t\u00e9l\u00e9phone direct <span class=\"text-red-600\">*<\/span><\/label><br \/>\n<span class=\"wpcf7-form-control-wrap\" data-name=\"person-phone\"><input size=\"40\" maxlength=\"400\" class=\"wpcf7-form-control wpcf7-tel wpcf7-validates-as-required wpcf7-text wpcf7-validates-as-tel form-control\" id=\"form-person-phone\" autocomplete=\"tel\" aria-required=\"true\" aria-invalid=\"false\" placeholder=\"+41 79 555 12 34\" value=\"\" type=\"tel\" name=\"person-phone\" \/><\/span>\n\t\t\t\t<\/p>\n\t\t\t<\/div>\n\t\t\t<div class=\"form-field\">\n\t\t\t\t<p><label class=\"form-label\" for=\"form-person-email\">E-mail personnel <span class=\"text-red-600\">*<\/span><\/label><br \/>\n<span class=\"wpcf7-form-control-wrap\" data-name=\"person-email\"><input size=\"40\" maxlength=\"400\" class=\"wpcf7-form-control wpcf7-email wpcf7-validates-as-required wpcf7-text wpcf7-validates-as-email form-control\" id=\"form-person-email\" autocomplete=\"email\" aria-required=\"true\" aria-invalid=\"false\" placeholder=\"marie.dupont@example.ch\" value=\"\" type=\"email\" name=\"person-email\" \/><\/span>\n\t\t\t\t<\/p>\n\t\t\t<\/div>\n\t\t\t<div class=\"form-field\">\n\t\t\t\t<p><label class=\"form-label\" for=\"form-presscard-type\">Type de carte de presse<\/label><br \/>\n<span class=\"wpcf7-form-control-wrap\" data-name=\"person-presscard-type\"><input size=\"40\" maxlength=\"400\" class=\"wpcf7-form-control wpcf7-text form-control\" id=\"form-presscard-type\" aria-invalid=\"false\" placeholder=\"Ex. RP, AIPS\u2026\" value=\"\" type=\"text\" name=\"person-presscard-type\" \/><\/span>\n\t\t\t\t<\/p>\n\t\t\t<\/div>\n\t\t\t<div class=\"form-field\">\n\t\t\t\t<p><label class=\"form-label\" for=\"form-presscard-number\">Num\u00e9ro de carte de presse<\/label><br \/>\n<span class=\"wpcf7-form-control-wrap\" data-name=\"person-presscard-number\"><input size=\"40\" maxlength=\"400\" class=\"wpcf7-form-control wpcf7-text form-control\" id=\"form-presscard-number\" aria-invalid=\"false\" placeholder=\"XXXXX\" value=\"\" type=\"text\" name=\"person-presscard-number\" \/><\/span>\n\t\t\t\t<\/p>\n\t\t\t<\/div>\n\t\t<\/div>\n\t<\/fieldset>\n\t<fieldset class=\"form-fieldset\">\n\t\t<legend>Langue de correspondance <span class=\"text-red-600\">*<\/span>\n\t\t<\/legend>\n\t\t<div class=\"form-option-list form-option-list--inline\">\n\t\t\t<p><span class=\"wpcf7-form-control-wrap\" data-name=\"person-lang\"><span class=\"wpcf7-form-control wpcf7-radio\"><span class=\"wpcf7-list-item first\"><input type=\"radio\" name=\"person-lang\" value=\"Fran\u00e7ais\" checked=\"checked\" \/><span class=\"wpcf7-list-item-label\">Fran\u00e7ais<\/span><\/span><span class=\"wpcf7-list-item last\"><input type=\"radio\" name=\"person-lang\" value=\"Anglais\" \/><span class=\"wpcf7-list-item-label\">Anglais<\/span><\/span><\/span><\/span>\n\t\t\t<\/p>\n\t\t<\/div>\n\t<\/fieldset>\n\t<fieldset class=\"form-fieldset\">\n\t\t<legend>Dates de pr\u00e9sence <span class=\"text-red-600\">*<\/span>\n\t\t<\/legend>\n\t\t<div class=\"form-option-list\">\n\t\t\t<p><span class=\"wpcf7-form-control-wrap\" data-name=\"person_dates\"><span class=\"wpcf7-form-control wpcf7-checkbox wpcf7-validates-as-required\"><span class=\"wpcf7-list-item first\"><label><input type=\"checkbox\" name=\"person_dates[]\" value=\"19.01.2026\" \/><span class=\"wpcf7-list-item-label\">19.01.2026<\/span><\/label><\/span><span class=\"wpcf7-list-item\"><label><input type=\"checkbox\" name=\"person_dates[]\" value=\"20.01.2026\" \/><span class=\"wpcf7-list-item-label\">20.01.2026<\/span><\/label><\/span><span class=\"wpcf7-list-item\"><label><input type=\"checkbox\" name=\"person_dates[]\" value=\"21.01.2026\" \/><span class=\"wpcf7-list-item-label\">21.01.2026<\/span><\/label><\/span><span class=\"wpcf7-list-item\"><label><input type=\"checkbox\" name=\"person_dates[]\" value=\"22.01.2026\" \/><span class=\"wpcf7-list-item-label\">22.01.2026<\/span><\/label><\/span><span class=\"wpcf7-list-item\"><label><input type=\"checkbox\" name=\"person_dates[]\" value=\"23.01.2026\" \/><span class=\"wpcf7-list-item-label\">23.01.2026<\/span><\/label><\/span><span class=\"wpcf7-list-item last\"><label><input type=\"checkbox\" name=\"person_dates[]\" value=\"24.01.2026\" \/><span class=\"wpcf7-list-item-label\">24.01.2026<\/span><\/label><\/span><\/span><\/span>\n\t\t\t<\/p>\n\t\t<\/div>\n\t<\/fieldset>\n\n <!-- Optional privacy acceptance -->\n <!-- [acceptance* rgpd-consent] J\u2019accepte le traitement de mes donn\u00e9es conform\u00e9ment \u00e0 la politique de confidentialit\u00e9 -->\n\t<div class=\"form-actions\">\n\t\t<div class=\"wp-block-buttons flex flex-wrap gap-3\">\n\t\t\t<div class=\"wp-block-button\">\n\t\t\t\t<p><input class=\"wpcf7-form-control wpcf7-submit has-spinner wp-block-button__link wp-element-button\" type=\"submit\" value=\"Envoyer\" \/>\n\t\t\t\t<\/p>\n\t\t\t<\/div>\n\t\t\t<div class=\"wp-block-button is-style-secondary\">\n\t\t\t\t<p><button type=\"reset\" class=\"wp-block-button__link wp-element-button\">R\u00e9initialiser<\/button>\n\t\t\t\t<\/p>\n\t\t\t<\/div>\n\t\t<\/div>\n\t<\/div>\n<\/div><div class=\"wpcf7-response-output\" aria-hidden=\"true\"><\/div>\n<\/form>\n<\/div>\n<\/div>\n\n\n\n<p><\/p>\n","protected":false},"excerpt":{"rendered":"<p>Les repr\u00e9sentants des m\u00e9dias souhaitant couvrir les \u00e9preuves de la FIS Coupe du Monde de Ski Cross 2026 de Veysonnaz sont pri\u00e9es de s&#8217;enregistrer au moyen du formulaire ci-dessous. Les demandes d&#8217;accr\u00e9ditation sont \u00e0 pr\u00e9sent ouvertes. Une confirmation d&#8217;accr\u00e9ditation vous sera transmise apr\u00e8s examen de celle-ci. Lors de votre enregistrement, vous recevrez des informations compl\u00e9mentaires [&hellip;]<\/p>\n","protected":false},"author":2,"featured_media":0,"parent":0,"menu_order":1,"comment_status":"closed","ping_status":"closed","template":"","meta":{"footnotes":""},"class_list":["post-580","page","type-page","status-publish","hentry"],"_links":{"self":[{"href":"https:\/\/worldcupveysonnaz.com\/en\/wp-json\/wp\/v2\/pages\/580","targetHints":{"allow":["GET"]}}],"collection":[{"href":"https:\/\/worldcupveysonnaz.com\/en\/wp-json\/wp\/v2\/pages"}],"about":[{"href":"https:\/\/worldcupveysonnaz.com\/en\/wp-json\/wp\/v2\/types\/page"}],"author":[{"embeddable":true,"href":"https:\/\/worldcupveysonnaz.com\/en\/wp-json\/wp\/v2\/users\/2"}],"replies":[{"embeddable":true,"href":"https:\/\/worldcupveysonnaz.com\/en\/wp-json\/wp\/v2\/comments?post=580"}],"version-history":[{"count":5,"href":"https:\/\/worldcupveysonnaz.com\/en\/wp-json\/wp\/v2\/pages\/580\/revisions"}],"predecessor-version":[{"id":633,"href":"https:\/\/worldcupveysonnaz.com\/en\/wp-json\/wp\/v2\/pages\/580\/revisions\/633"}],"wp:attachment":[{"href":"https:\/\/worldcupveysonnaz.com\/en\/wp-json\/wp\/v2\/media?parent=580"}],"curies":[{"name":"wp","href":"https:\/\/api.w.org\/{rel}","templated":true}]}}